{"id":16,"date":"2023-02-21T10:01:56","date_gmt":"2023-02-21T10:01:56","guid":{"rendered":"https:\/\/vfbtaegerig.ch\/?page_id=16"},"modified":"2023-02-21T12:18:39","modified_gmt":"2023-02-21T12:18:39","slug":"statuten","status":"publish","type":"page","link":"https:\/\/www.vfbtaegerig.ch\/?page_id=16","title":{"rendered":"Statuten"},"content":{"rendered":"<ol>\n<li><strong>Name, Sitz und Zweck<\/strong><\/li>\n<\/ol>\n<p>Grundlagen f\u00fcr den Verein \u201eFasnachtsbeiz T\u00e4gerig\u201c sind die Bestimmungen ZBG Art. 60 \u2013 79. Weitere Regelungen k\u00f6nnen, sofern sie rechtliche G\u00fcltigkeit haben, an einer Generalversammlung durch Mehrheits-beschluss in die Statuten aufgenommen werden. Die Statuten m\u00fcssen dann ebenfalls durch einen Mehrheitsbeschluss gutgeheissen werden.<\/p>\n<p>Der Sitz befindet sich immer beim jeweiligen Pr\u00e4sidenten, welcher bei Bedarf auch einen allf\u00e4lligen Stichentscheid f\u00e4llt.<\/p>\n<p>Ziel und Zweck ist die Erhaltung sowie das F\u00fchren der Fasnachtsbeiz T\u00e4gerig.<\/p>\n<p>Die Finanzierung erfolgt \u00fcber Mitglieder-beitr\u00e4ge, G\u00f6nnerbeitr\u00e4ge, Ertr\u00e4ge aus der Fasnachtsbeiz sowie Spenden und Zuwendungen aller Art.<\/p>\n<ol start=\"2\">\n<li><strong>Mitgliedschaft<\/strong><\/li>\n<\/ol>\n<p>Mitglieder k\u00f6nnen nat\u00fcrliche und juristische Personen werden, die den Vereinszweck unterst\u00fctzen.<\/p>\n<p>Aktivmitglieder mit Stimmrecht sind nat\u00fcrliche Personen, welche sich aktiv an der Fasnachtsbeiz mit Arbeitsleistung beteiligen.<\/p>\n<p>Passivmitglieder mit Stimmrecht k\u00f6nnen nat\u00fcrliche oder juristische Personen sein, welche den Verein ideell und finanziell unterst\u00fctzen.<\/p>\n<p>Personen, die sich in besonderem Masse f\u00fcr den Verein eingesetzt haben, kann auf Vorschlag des Vorstands durch die Mitgliederversammlung die Ehren-mitgliedschaft verliehen werden.<\/p>\n<p>G\u00f6nnermitglieder ohne Stimmrecht bezahlen einen Jahresbeitrag, der mindestens dem der Aktivmitglieder entspricht.<\/p>\n<p>Aufnahmegesuche sind an den Vorstand zu richten; \u00fcber die Aufnahme entscheidet der Vorstand.<\/p>\n<ol start=\"3\">\n<li><strong>Erl\u00f6schen der Mitgliedschaft<\/strong><\/li>\n<\/ol>\n<p>Die Mitgliedschaft erlischt<\/p>\n<ul>\n<li>bei nat\u00fcrlichen Personen durch Austritt, Ausschluss oder Tod.<\/li>\n<li>bei juristischen Personen durch Austritt, Ausschluss oder Aufl\u00f6sung der juristischen Person.<\/li>\n<\/ul>\n<ol start=\"4\">\n<li><strong>Mitgliederversammlung<\/strong><\/li>\n<\/ol>\n<p>J\u00e4hrlich findet eine Generalversammlung statt. Sollte die Generalversammlung physisch nicht durchgef\u00fchrt werden k\u00f6nnen, so kann die Beschlussfassung auch schriftlich nach Ermessen des Vorstands erfolgen. Ausser-ordentliche Versammlungen k\u00f6nnen einberufen werden, falls dies mindestens 1\/5 der Mitglieder beantragen.<\/p>\n<p>An der Generalversammlung werden das Pr\u00e4sidium, der Vorstand mit mindestens 3 Mitgliedern sowie 2 Rechnungsrevisoren, f\u00fcr 2 Jahre gew\u00e4hlt. Mit Ausnahme des Pr\u00e4sidiums konstituiert sich der Vorstand selbst.<\/p>\n<ol start=\"5\">\n<li><strong>Vorstand<\/strong><\/li>\n<\/ol>\n<p>Der Vorstand f\u00fchrt die Gesch\u00e4fte nach gesetzlichen Vorgaben, sofern diese nicht in den Statuten festgehalten oder durch einen Mehrheitsbeschluss an der Versammlung beschlossen wurde.<\/p>\n<ol start=\"6\">\n<li><strong>Rechnungsrevisoren<\/strong><\/li>\n<\/ol>\n<p>Die Rechnungsrevisoren pr\u00fcfen vor Antragsfrist f\u00fcr die Generalversammlung die Jahresrechnung, erstatten der Mitglieder-versammlung dar\u00fcber Bericht und stellen Antrag zur Annahme oder Ablehnung.<\/p>\n<ol start=\"7\">\n<li><strong>Mitgliederbeitr\u00e4ge<\/strong><\/li>\n<\/ol>\n<p>Der j\u00e4hrliche Mitgliederbeitrag wird an der Mitgliederversammlung festgelegt, und gilt f\u00fcr alle Mitglieder (inklusive Vorstand).<\/p>\n<ol start=\"8\">\n<li><strong>Zeichnungsberechtigung<\/strong><\/li>\n<\/ol>\n<p>Der Verein wird verpflichtet durch die Kollektivunterschrift des\/der Pr\u00e4sident\/in zusammen mit einem weiteren Mitglied des Vorstandes.<\/p>\n<ol start=\"9\">\n<li><strong>Haftung<\/strong><\/li>\n<\/ol>\n<p>F\u00fcr die Verbindlichkeiten des Vereins haftet ausschliesslich das vorhandene Vereins-verm\u00f6gen. Jede pers\u00f6nliche Haftung der Mitglieder ist ausgeschlossen.<\/p>\n<ol start=\"10\">\n<li><strong>Vereinsjahr<\/strong><\/li>\n<\/ol>\n<p>Das Vereinsjahr dauert jeweils vom 01. Januar bis 31. Dezember.<\/p>\n<ol start=\"11\">\n<li><strong>Inkrafttreten<\/strong><\/li>\n<\/ol>\n<p>Diese Statuten wurden an der Gr\u00fcndungs-versammlung vom 16.02.2023 angenommen und sind mit diesem Datum in Kraft getreten.<\/p>\n<p>Verein Fasnachtsbeiz T\u00e4gerig<\/p>\n<p>T\u00e4gerig den 16.02.2023<\/p>\n<p><img loading=\"lazy\" decoding=\"async\" class=\"alignnone size-medium wp-image-61\" src=\"https:\/\/vfbtaegerig.ch\/wp-content\/uploads\/2023\/02\/twi.png\" alt=\"\" width=\"133\" height=\"55\" \/><img loading=\"lazy\" decoding=\"async\" class=\"alignnone size-full wp-image-60\" src=\"https:\/\/vfbtaegerig.ch\/wp-content\/uploads\/2023\/02\/tno.png\" alt=\"\" width=\"128\" height=\"78\" \/><\/p>\n<p>Der Pr\u00e4sident\u00a0\u00a0\u00a0\u00a0\u00a0\u00a0\u00a0\u00a0\u00a0\u00a0\u00a0\u00a0 Mitglied Vorstand<\/p>\n","protected":false},"excerpt":{"rendered":"<p>Name, Sitz und Zweck Grundlagen f\u00fcr den Verein \u201eFasnachtsbeiz T\u00e4gerig\u201c sind die Bestimmungen ZBG Art. 60 \u2013 79. Weitere Regelungen k\u00f6nnen, sofern sie rechtliche G\u00fcltigkeit haben, an einer Generalversammlung durch Mehrheits-beschluss in die Statuten aufgenommen werden. Die Statuten m\u00fcssen dann &hellip; <a href=\"https:\/\/www.vfbtaegerig.ch\/?page_id=16\">Weiterlesen <span class=\"meta-nav\">&rarr;<\/span><\/a><\/p>\n","protected":false},"author":2,"featured_media":0,"parent":2,"menu_order":0,"comment_status":"closed","ping_status":"closed","template":"","meta":{"footnotes":""},"class_list":["post-16","page","type-page","status-publish","hentry"],"_links":{"self":[{"href":"https:\/\/www.vfbtaegerig.ch\/index.php?rest_route=\/wp\/v2\/pages\/16","targetHints":{"allow":["GET"]}}],"collection":[{"href":"https:\/\/www.vfbtaegerig.ch\/index.php?rest_route=\/wp\/v2\/pages"}],"about":[{"href":"https:\/\/www.vfbtaegerig.ch\/index.php?rest_route=\/wp\/v2\/types\/page"}],"author":[{"embeddable":true,"href":"https:\/\/www.vfbtaegerig.ch\/index.php?rest_route=\/wp\/v2\/users\/2"}],"replies":[{"embeddable":true,"href":"https:\/\/www.vfbtaegerig.ch\/index.php?rest_route=%2Fwp%2Fv2%2Fcomments&post=16"}],"version-history":[{"count":4,"href":"https:\/\/www.vfbtaegerig.ch\/index.php?rest_route=\/wp\/v2\/pages\/16\/revisions"}],"predecessor-version":[{"id":62,"href":"https:\/\/www.vfbtaegerig.ch\/index.php?rest_route=\/wp\/v2\/pages\/16\/revisions\/62"}],"up":[{"embeddable":true,"href":"https:\/\/www.vfbtaegerig.ch\/index.php?rest_route=\/wp\/v2\/pages\/2"}],"wp:attachment":[{"href":"https:\/\/www.vfbtaegerig.ch\/index.php?rest_route=%2Fwp%2Fv2%2Fmedia&parent=16"}],"curies":[{"name":"wp","href":"https:\/\/api.w.org\/{rel}","templated":true}]}}