{"id":14,"date":"2023-02-21T10:01:39","date_gmt":"2023-02-21T10:01:39","guid":{"rendered":"https:\/\/vfbtaegerig.ch\/?page_id=14"},"modified":"2023-02-21T12:20:49","modified_gmt":"2023-02-21T12:20:49","slug":"vereinszweck","status":"publish","type":"page","link":"https:\/\/www.vfbtaegerig.ch\/?page_id=14","title":{"rendered":"Vereinszweck"},"content":{"rendered":"<h2><strong>Kurzbeschreibung<\/strong><\/h2>\n<p>Der Verein \u00abFasnachtsbeiz T\u00e4gerig\u00bb wurde am Schmudo, den 16.02.2023 gegr\u00fcndet. Zweck des Vereins ist es, das tolle und seit 15 Jahren bestehende \u00ab<strong>Fasnachtsbeizl<\/strong>i\u00bb beim Lindenplatz weiter zu f\u00fchren. Der T\u00e4gliger Bev\u00f6lkerung soll es weiterhin m\u00f6glich sein, sich, w\u00e4hrend der Fasnachtszeit an einem tollen Ort treffen zu k\u00f6nnen, dabei soll der kulinarische und der kulturelle Teil nicht zu kurz kommen.<\/p>\n<p>Wir freuen uns sehr, wenn Du unserem Verein beitrittst und somit dem Weiterf\u00fchren dieses \u00ab<strong>Kultlokals<\/strong>\u00bb hilfst, unabh\u00e4ngig davon, ob Du dich aktiv oder nur finanziell beteiligen m\u00f6chtest, wir sind um jedes Mitglied dankbar.<\/p>\n<p>Wir f\u00fchren deshalb 2 m\u00f6gliche Mitgliedschaften sowie die G\u00f6nnerschaft in unserem Verein.<br \/>\n<strong>Aktiv Mitglied<\/strong> bedeutet, ich helfe aktiv in und um die Fasnachtsbeiz mit, sei es Aufbau, Abbau, Grill, Theke, Kochen, etc.<br \/>\n<strong>Passiv Mitglied<\/strong> heisst, ich m\u00f6chte gerne Mitsprechen und einen Beitrag zahlen, bin aber nicht aktiv, diese Variante gibt es f\u00fcr nat\u00fcrlich &amp; juristische Personen, und die G\u00f6nnerschaft erkl\u00e4rt sich von selbst.<\/p>\n<p>Details k\u00f6nnen gerne in den <strong>Statuten<\/strong> nachgelesen werden.<\/p>\n<p>Solltest Du trotzdem noch Fragen haben, melde dich gerne bei unserem Pr\u00e4sidenten.<\/p>\n<p>Wir freuen uns Dich bald als neues Mitglied oder G\u00f6nner in der \u00ab<strong>Fasnachtsbeiz Familie<\/strong>\u00bb begr\u00fcssen zu d\u00fcrfen und danken Dir f\u00fcr das Ausf\u00fcllen des Antrags.<\/p>\n<p>F\u00fcr den Verein Fasnachtsbeiz T\u00e4gerig<\/p>\n<p><img loading=\"lazy\" decoding=\"async\" class=\"alignnone size-full wp-image-61\" src=\"https:\/\/vfbtaegerig.ch\/wp-content\/uploads\/2023\/02\/twi.png\" alt=\"\" width=\"133\" height=\"55\" \/><\/p>\n<p>Pr\u00e4sident<br \/>\nThomas Widmer<\/p>\n","protected":false},"excerpt":{"rendered":"<p>Kurzbeschreibung Der Verein \u00abFasnachtsbeiz T\u00e4gerig\u00bb wurde am Schmudo, den 16.02.2023 gegr\u00fcndet. Zweck des Vereins ist es, das tolle und seit 15 Jahren bestehende \u00abFasnachtsbeizli\u00bb beim Lindenplatz weiter zu f\u00fchren. Der T\u00e4gliger Bev\u00f6lkerung soll es weiterhin m\u00f6glich sein, sich, w\u00e4hrend der &hellip; <a href=\"https:\/\/www.vfbtaegerig.ch\/?page_id=14\">Weiterlesen <span class=\"meta-nav\">&rarr;<\/span><\/a><\/p>\n","protected":false},"author":2,"featured_media":0,"parent":2,"menu_order":0,"comment_status":"closed","ping_status":"closed","template":"","meta":{"footnotes":""},"class_list":["post-14","page","type-page","status-publish","hentry"],"_links":{"self":[{"href":"https:\/\/www.vfbtaegerig.ch\/index.php?rest_route=\/wp\/v2\/pages\/14","targetHints":{"allow":["GET"]}}],"collection":[{"href":"https:\/\/www.vfbtaegerig.ch\/index.php?rest_route=\/wp\/v2\/pages"}],"about":[{"href":"https:\/\/www.vfbtaegerig.ch\/index.php?rest_route=\/wp\/v2\/types\/page"}],"author":[{"embeddable":true,"href":"https:\/\/www.vfbtaegerig.ch\/index.php?rest_route=\/wp\/v2\/users\/2"}],"replies":[{"embeddable":true,"href":"https:\/\/www.vfbtaegerig.ch\/index.php?rest_route=%2Fwp%2Fv2%2Fcomments&post=14"}],"version-history":[{"count":4,"href":"https:\/\/www.vfbtaegerig.ch\/index.php?rest_route=\/wp\/v2\/pages\/14\/revisions"}],"predecessor-version":[{"id":65,"href":"https:\/\/www.vfbtaegerig.ch\/index.php?rest_route=\/wp\/v2\/pages\/14\/revisions\/65"}],"up":[{"embeddable":true,"href":"https:\/\/www.vfbtaegerig.ch\/index.php?rest_route=\/wp\/v2\/pages\/2"}],"wp:attachment":[{"href":"https:\/\/www.vfbtaegerig.ch\/index.php?rest_route=%2Fwp%2Fv2%2Fmedia&parent=14"}],"curies":[{"name":"wp","href":"https:\/\/api.w.org\/{rel}","templated":true}]}}